{"id":2,"date":"2015-06-08T18:50:15","date_gmt":"2015-06-08T16:50:15","guid":{"rendered":"http:\/\/s579367547.online.de\/?page_id=2"},"modified":"2016-01-12T19:50:26","modified_gmt":"2016-01-12T18:50:26","slug":"ueber-mich","status":"publish","type":"page","link":"https:\/\/haenselphoto.de\/index.php\/ueber-mich\/","title":{"rendered":"\u00dcber mich"},"content":{"rendered":"<p><a href=\"http:\/\/haenselphoto.de\/wp-content\/uploads\/2015\/06\/IMG_4581.jpg\" data-rel=\"lightbox-image-0\" data-rl_title=\"\" data-rl_caption=\"\" title=\"\"><img loading=\"lazy\" decoding=\"async\" class=\"alignleft  wp-image-91\" src=\"http:\/\/haenselphoto.de\/wp-content\/uploads\/2015\/06\/IMG_4581.jpg\" alt=\"IMG_4581\" width=\"364\" height=\"431\" srcset=\"https:\/\/haenselphoto.de\/wp-content\/uploads\/2015\/06\/IMG_4581.jpg 844w, https:\/\/haenselphoto.de\/wp-content\/uploads\/2015\/06\/IMG_4581-253x300.jpg 253w, https:\/\/haenselphoto.de\/wp-content\/uploads\/2015\/06\/IMG_4581-800x948.jpg 800w\" sizes=\"auto, (max-width: 364px) 100vw, 364px\" \/><\/a><br \/>\nHallo!<br \/>\nIch sch\u00e4tze, du erwartest jetzt hier ein wenig mehr \u00fcber mich zu erfahren, oder?<br \/>\nNun ja, ich bin <strong>Tobias H\u00e4nsel <\/strong>und studiere Maschinenbau an der Dualen Hochschule in Friedrichshafen am Bodensee.<br \/>\nGeboren und aufgewachsen in Berlin verschl\u00e4gt es mich immer \u00f6fter\u00a0raus aus der Hauptstadt um immer ein bisschen mehr von unserer sch\u00f6nen Welt zu sehen!<\/p>\n<p>Es ist dennoch immer wieder eins der sch\u00f6nsten Gef\u00fchle <em>nach Hause<\/em>\u00a0zu kommen und zu wissen, dass man immer ein Berliner\u00a0bleiben wird, auch wenn im Ausweis erstmal eine andere Stadt steht.<\/p>\n<p>Ich fotografiere schon ziemlich\u00a0lange, obwohl ich gerade nicht wirklich wei\u00df ob man das was ich da mache als aktives <i>Fotografieren<\/i> oder nur &#8222;knipsen&#8220; nennen kann- jedenfalls habe ich sehr viel Spa\u00df daran und bildet f\u00fcr mich immer wieder eine kleine Auszeit, die jeder im Leben neben dem gesamten Alltag mal braucht und auch haben sollte.<\/p>\n<p>Falls ihr noch mehr \u00fcber mich wissen wollt, findet ihr mich auf jeglichen sozialen Kan\u00e4le wie <a href=\"http:\/\/www.facebook.com\/haenselphoto\" target=\"_blank\">Facebook<\/a> oder <a href=\"https:\/\/instagram.com\/haenselphoto\/\" target=\"_blank\">Instagram<\/a>\u00a0oder\u00a0<a href=\"https:\/\/twitter.com\/haenselphoto\" target=\"_blank\">Twitter<\/a>!<\/p>\n","protected":false},"excerpt":{"rendered":"<p>Hallo! Ich sch\u00e4tze, du erwartest jetzt hier ein wenig mehr \u00fcber mich zu erfahren, oder? Nun ja, ich bin Tobias H\u00e4nsel und studiere Maschinenbau an der Dualen Hochschule in Friedrichshafen am Bodensee. Geboren und aufgewachsen in Berlin verschl\u00e4gt es mich immer \u00f6fter\u00a0raus aus der Hauptstadt um immer ein bisschen mehr von unserer sch\u00f6nen Welt zu&#8230;<\/p>\n","protected":false},"author":1,"featured_media":0,"parent":0,"menu_order":0,"comment_status":"closed","ping_status":"closed","template":"","meta":{"footnotes":""},"class_list":["post-2","page","type-page","status-publish","hentry"],"_links":{"self":[{"href":"https:\/\/haenselphoto.de\/index.php\/wp-json\/wp\/v2\/pages\/2","targetHints":{"allow":["GET"]}}],"collection":[{"href":"https:\/\/haenselphoto.de\/index.php\/wp-json\/wp\/v2\/pages"}],"about":[{"href":"https:\/\/haenselphoto.de\/index.php\/wp-json\/wp\/v2\/types\/page"}],"author":[{"embeddable":true,"href":"https:\/\/haenselphoto.de\/index.php\/wp-json\/wp\/v2\/users\/1"}],"replies":[{"embeddable":true,"href":"https:\/\/haenselphoto.de\/index.php\/wp-json\/wp\/v2\/comments?post=2"}],"version-history":[{"count":14,"href":"https:\/\/haenselphoto.de\/index.php\/wp-json\/wp\/v2\/pages\/2\/revisions"}],"predecessor-version":[{"id":227,"href":"https:\/\/haenselphoto.de\/index.php\/wp-json\/wp\/v2\/pages\/2\/revisions\/227"}],"wp:attachment":[{"href":"https:\/\/haenselphoto.de\/index.php\/wp-json\/wp\/v2\/media?parent=2"}],"curies":[{"name":"wp","href":"https:\/\/api.w.org\/{rel}","templated":true}]}}